{"id":146,"date":"2024-11-08T14:15:37","date_gmt":"2024-11-08T17:15:37","guid":{"rendered":"https:\/\/abuid.cl\/?page_id=146"},"modified":"2025-11-14T18:22:25","modified_gmt":"2025-11-14T21:22:25","slug":"quienes-somos","status":"publish","type":"page","link":"https:\/\/abuid.cl\/es_cl\/quienes-somos\/","title":{"rendered":"Qui\u00e9nes Somos"},"content":{"rendered":"\t\t<div data-elementor-type=\"wp-page\" data-elementor-id=\"146\" class=\"elementor elementor-146\" data-elementor-post-type=\"page\">\n\t\t\t\t<div data-particle_enable=\"false\" data-particle-mobile-disabled=\"false\" class=\"elementor-element elementor-element-1fda5fdc e-flex e-con-boxed e-con e-parent\" data-id=\"1fda5fdc\" data-element_type=\"container\" data-settings=\"{&quot;background_background&quot;:&quot;video&quot;,&quot;background_video_link&quot;:&quot;https:\\\/\\\/abuid.cl\\\/wp-content\\\/uploads\\\/2024\\\/11\\\/oficina.mp4&quot;,&quot;background_play_on_mobile&quot;:&quot;yes&quot;}\">\n\t\t\t\t\t<div class=\"e-con-inner\">\n\t\t<div class=\"elementor-background-video-container\" aria-hidden=\"true\">\n\t\t\t\t\t\t\t<video class=\"elementor-background-video-hosted\" autoplay muted playsinline loop><\/video>\n\t\t\t\t\t<\/div>\t\t<div class=\"elementor-element elementor-element-71185343 elementor-widget elementor-widget-heading\" data-id=\"71185343\" data-element_type=\"widget\" data-widget_type=\"heading.default\">\n\t\t\t\t\t<h2 class=\"elementor-heading-title elementor-size-default\">Transformamos desaf\u00edos legales y tributarios  en oportunidades de \u00e9xito global, con un enfoque integral y dedicaci\u00f3n sin l\u00edmites.<\/h2>\t\t\t\t<\/div>\n\t\t\t\t\t<\/div>\n\t\t\t\t<\/div>\n\t\t<div data-particle_enable=\"false\" data-particle-mobile-disabled=\"false\" class=\"elementor-element elementor-element-3232cdb3 e-flex e-con-boxed e-con e-parent\" data-id=\"3232cdb3\" data-element_type=\"container\" data-settings=\"{&quot;background_background&quot;:&quot;classic&quot;}\">\n\t\t\t\t\t<div class=\"e-con-inner\">\n\t\t<div data-particle_enable=\"false\" data-particle-mobile-disabled=\"false\" class=\"elementor-element elementor-element-6b0d39b3 e-con-full e-flex e-con e-child\" data-id=\"6b0d39b3\" data-element_type=\"container\">\n\t\t\t\t<div class=\"elementor-element elementor-element-4f484357 elementor-widget elementor-widget-heading\" data-id=\"4f484357\" data-element_type=\"widget\" data-widget_type=\"heading.default\">\n\t\t\t\t\t<h2 class=\"elementor-heading-title elementor-size-default\">Nuestro enfoque global de los procesos, la dedicaci\u00f3n, creatividad y compromiso con la excelencia son el sello de nuestros profesionales.<\/h2>\t\t\t\t<\/div>\n\t\t<div data-particle_enable=\"false\" data-particle-mobile-disabled=\"false\" class=\"elementor-element elementor-element-840b168 e-con-full e-flex e-con e-child\" data-id=\"840b168\" data-element_type=\"container\">\n\t\t<div data-particle_enable=\"false\" data-particle-mobile-disabled=\"false\" class=\"elementor-element elementor-element-aa1f953 e-con-full e-flex e-con e-child\" data-id=\"aa1f953\" data-element_type=\"container\">\n\t\t\t\t<div class=\"elementor-element elementor-element-381817d elementor-widget elementor-widget-text-editor\" data-id=\"381817d\" data-element_type=\"widget\" data-widget_type=\"text-editor.default\">\n\t\t\t\t\t\t\t\t\t<p>Nuestra consultor\u00eda cubre desde la marcha habitual de sus procesos hasta etapas decisivas y complejas, tales como el ingreso a nuevos mercados, la reorganizaci\u00f3n de grupos empresariales, la venta de activos relevantes o de empresas, el ingreso de nuevas generaciones en familias empresarias y el acceso a reg\u00edmenes fiscales preferenciales, entre otras materias.<\/p>\t\t\t\t\t\t\t\t<\/div>\n\t\t\t\t<\/div>\n\t\t<div data-particle_enable=\"false\" data-particle-mobile-disabled=\"false\" class=\"elementor-element elementor-element-f3e2037 e-con-full e-flex e-con e-child\" data-id=\"f3e2037\" data-element_type=\"container\">\n\t\t\t\t<div class=\"elementor-element elementor-element-97d16f6 elementor-widget elementor-widget-text-editor\" data-id=\"97d16f6\" data-element_type=\"widget\" data-widget_type=\"text-editor.default\">\n\t\t\t\t\t\t\t\t\t<p>Representamos activamente los intereses de nuestros clientes en negociaciones jur\u00eddicas complejas y la defensa de sus derechos ante organismos p\u00fablicos y Tribunales de Justicia.<\/p><p>La globalizaci\u00f3n de los negocios de nuestros clientes nos ha llevado a ampliar las redes de profesionales con los cuales coordinamos asesor\u00edas tributarias y estructuras de negocios internacionales. Somos activos articuladores de tales procesos.<\/p>\t\t\t\t\t\t\t\t<\/div>\n\t\t\t\t<\/div>\n\t\t\t\t<\/div>\n\t\t\t\t<div class=\"elementor-element elementor-element-321f3d7 elementor-widget elementor-widget-image\" data-id=\"321f3d7\" data-element_type=\"widget\" data-widget_type=\"image.default\">\n\t\t\t\t\t\t\t\t\t\t\t\t\t\t\t<img fetchpriority=\"high\" decoding=\"async\" width=\"800\" height=\"534\" src=\"https:\/\/abuid.cl\/wp-content\/uploads\/2025\/10\/equipov3-1024x683.jpg\" class=\"attachment-large size-large wp-image-1355\" alt=\"\" srcset=\"https:\/\/abuid.cl\/wp-content\/uploads\/2025\/10\/equipov3-1024x683.jpg 1024w, https:\/\/abuid.cl\/wp-content\/uploads\/2025\/10\/equipov3-300x200.jpg 300w, https:\/\/abuid.cl\/wp-content\/uploads\/2025\/10\/equipov3-768x512.jpg 768w, https:\/\/abuid.cl\/wp-content\/uploads\/2025\/10\/equipov3-18x12.jpg 18w, https:\/\/abuid.cl\/wp-content\/uploads\/2025\/10\/equipov3.jpg 1140w\" sizes=\"(max-width: 800px) 100vw, 800px\" \/>\t\t\t\t\t\t\t\t\t\t\t\t\t\t\t<\/div>\n\t\t\t\t<div class=\"elementor-element elementor-element-99cc269 elementor-hidden-desktop elementor-hidden-tablet elementor-hidden-mobile elementor-widget elementor-widget-heading\" data-id=\"99cc269\" data-element_type=\"widget\" id=\"valores\" data-widget_type=\"heading.default\">\n\t\t\t\t\t<h2 class=\"elementor-heading-title elementor-size-default\">Nuestros Valores<\/h2>\t\t\t\t<\/div>\n\t\t<div data-particle_enable=\"false\" data-particle-mobile-disabled=\"false\" class=\"elementor-element elementor-element-1c43eef e-con-full elementor-hidden-desktop elementor-hidden-tablet elementor-hidden-mobile e-flex e-con e-child\" data-id=\"1c43eef\" data-element_type=\"container\">\n\t\t<div data-particle_enable=\"false\" data-particle-mobile-disabled=\"false\" class=\"elementor-element elementor-element-17abd8c e-con-full e-flex e-con e-child\" data-id=\"17abd8c\" data-element_type=\"container\" data-settings=\"{&quot;background_background&quot;:&quot;classic&quot;}\">\n\t\t\t\t<div class=\"elementor-element elementor-element-ab5ce54 elementor-widget elementor-widget-image\" data-id=\"ab5ce54\" data-element_type=\"widget\" data-widget_type=\"image.default\">\n\t\t\t\t\t\t\t\t\t\t\t\t\t\t\t<img decoding=\"async\" width=\"180\" height=\"180\" src=\"https:\/\/abuid.cl\/wp-content\/uploads\/2024\/11\/icon_excelencia_b.png\" class=\"attachment-large size-large wp-image-130\" alt=\"\" srcset=\"https:\/\/abuid.cl\/wp-content\/uploads\/2024\/11\/icon_excelencia_b.png 180w, https:\/\/abuid.cl\/wp-content\/uploads\/2024\/11\/icon_excelencia_b-150x150.png 150w\" sizes=\"(max-width: 180px) 100vw, 180px\" \/>\t\t\t\t\t\t\t\t\t\t\t\t\t\t\t<\/div>\n\t\t\t\t<div class=\"elementor-element elementor-element-dd0e36c elementor-widget elementor-widget-heading\" data-id=\"dd0e36c\" data-element_type=\"widget\" data-widget_type=\"heading.default\">\n\t\t\t\t\t<h2 class=\"elementor-heading-title elementor-size-default\">Excelencia<\/h2>\t\t\t\t<\/div>\n\t\t\t\t<div class=\"elementor-element elementor-element-3ea98d1 elementor-widget elementor-widget-text-editor\" data-id=\"3ea98d1\" data-element_type=\"widget\" data-widget_type=\"text-editor.default\">\n\t\t\t\t\t\t\t\t\t<p>Estudiamos cada situaci\u00f3n en profundidad, hasta encontrar la soluci\u00f3n \u00f3ptima. Ser\u00e1 \u00f3ptima cuando resuelva el caso en forma plena y oportuna, respete la ley y se logre \u00e9ticamente. Para ello, contamos con profesionales comprometidos, que estudian cada detalle y ejecutan con precisi\u00f3n las estrategias definidas.<\/p>\t\t\t\t\t\t\t\t<\/div>\n\t\t\t\t<\/div>\n\t\t<div data-particle_enable=\"false\" data-particle-mobile-disabled=\"false\" class=\"elementor-element elementor-element-0ba5caf e-con-full e-flex e-con e-child\" data-id=\"0ba5caf\" data-element_type=\"container\" data-settings=\"{&quot;background_background&quot;:&quot;classic&quot;}\">\n\t\t\t\t<div class=\"elementor-element elementor-element-92fb828 elementor-widget elementor-widget-image\" data-id=\"92fb828\" data-element_type=\"widget\" data-widget_type=\"image.default\">\n\t\t\t\t\t\t\t\t\t\t\t\t\t\t\t<img decoding=\"async\" width=\"180\" height=\"180\" src=\"https:\/\/abuid.cl\/wp-content\/uploads\/2024\/11\/icon_creatividad_b.png\" class=\"attachment-large size-large wp-image-129\" alt=\"\" srcset=\"https:\/\/abuid.cl\/wp-content\/uploads\/2024\/11\/icon_creatividad_b.png 180w, https:\/\/abuid.cl\/wp-content\/uploads\/2024\/11\/icon_creatividad_b-150x150.png 150w\" sizes=\"(max-width: 180px) 100vw, 180px\" \/>\t\t\t\t\t\t\t\t\t\t\t\t\t\t\t<\/div>\n\t\t\t\t<div class=\"elementor-element elementor-element-139d7d1 elementor-widget elementor-widget-heading\" data-id=\"139d7d1\" data-element_type=\"widget\" data-widget_type=\"heading.default\">\n\t\t\t\t\t<h2 class=\"elementor-heading-title elementor-size-default\">Creatividad<\/h2>\t\t\t\t<\/div>\n\t\t\t\t<div class=\"elementor-element elementor-element-13b8393 elementor-widget elementor-widget-text-editor\" data-id=\"13b8393\" data-element_type=\"widget\" data-widget_type=\"text-editor.default\">\n\t\t\t\t\t\t\t\t\t<p>Nuestros clientes requieren soluciones \u00fanicas. Cada estrategia la desarrollamos considerando el caso en todas sus dimensiones, el perfil de riesgo del cliente y su cultura empresarial. Innovamos buscando la excelencia.<\/p>\t\t\t\t\t\t\t\t<\/div>\n\t\t\t\t<\/div>\n\t\t<div data-particle_enable=\"false\" data-particle-mobile-disabled=\"false\" class=\"elementor-element elementor-element-b172605 e-con-full e-flex e-con e-child\" data-id=\"b172605\" data-element_type=\"container\" data-settings=\"{&quot;background_background&quot;:&quot;classic&quot;}\">\n\t\t\t\t<div class=\"elementor-element elementor-element-bc6ab94 elementor-widget elementor-widget-image\" data-id=\"bc6ab94\" data-element_type=\"widget\" data-widget_type=\"image.default\">\n\t\t\t\t\t\t\t\t\t\t\t\t\t\t\t<img loading=\"lazy\" decoding=\"async\" width=\"180\" height=\"180\" src=\"https:\/\/abuid.cl\/wp-content\/uploads\/2024\/11\/icon_compromiso_b.png\" class=\"attachment-large size-large wp-image-127\" alt=\"\" srcset=\"https:\/\/abuid.cl\/wp-content\/uploads\/2024\/11\/icon_compromiso_b.png 180w, https:\/\/abuid.cl\/wp-content\/uploads\/2024\/11\/icon_compromiso_b-150x150.png 150w\" sizes=\"(max-width: 180px) 100vw, 180px\" \/>\t\t\t\t\t\t\t\t\t\t\t\t\t\t\t<\/div>\n\t\t\t\t<div class=\"elementor-element elementor-element-79cfbce elementor-widget elementor-widget-heading\" data-id=\"79cfbce\" data-element_type=\"widget\" data-widget_type=\"heading.default\">\n\t\t\t\t\t<h2 class=\"elementor-heading-title elementor-size-default\">Compromiso<\/h2>\t\t\t\t<\/div>\n\t\t\t\t<div class=\"elementor-element elementor-element-62678cb elementor-widget elementor-widget-text-editor\" data-id=\"62678cb\" data-element_type=\"widget\" data-widget_type=\"text-editor.default\">\n\t\t\t\t\t\t\t\t\tNos esforzamos al m\u00e1ximo en cada proyecto, acompa\u00f1amos al cliente en todas las etapas, respetando e incentivando el cumplimiento de la ley, siendo claros y asegur\u00e1ndonos de que tomen decisiones informadas.\t\t\t\t\t\t\t\t<\/div>\n\t\t\t\t<\/div>\n\t\t<div data-particle_enable=\"false\" data-particle-mobile-disabled=\"false\" class=\"elementor-element elementor-element-93c6b62 e-con-full e-flex e-con e-child\" data-id=\"93c6b62\" data-element_type=\"container\" data-settings=\"{&quot;background_background&quot;:&quot;classic&quot;}\">\n\t\t\t\t<div class=\"elementor-element elementor-element-31f9e36 elementor-widget elementor-widget-image\" data-id=\"31f9e36\" data-element_type=\"widget\" data-widget_type=\"image.default\">\n\t\t\t\t\t\t\t\t\t\t\t\t\t\t\t<img loading=\"lazy\" decoding=\"async\" width=\"180\" height=\"180\" src=\"https:\/\/abuid.cl\/wp-content\/uploads\/2024\/11\/icon_confidencial_b.png\" class=\"attachment-large size-large wp-image-128\" alt=\"\" srcset=\"https:\/\/abuid.cl\/wp-content\/uploads\/2024\/11\/icon_confidencial_b.png 180w, https:\/\/abuid.cl\/wp-content\/uploads\/2024\/11\/icon_confidencial_b-150x150.png 150w\" sizes=\"(max-width: 180px) 100vw, 180px\" \/>\t\t\t\t\t\t\t\t\t\t\t\t\t\t\t<\/div>\n\t\t\t\t<div class=\"elementor-element elementor-element-ab510c1 elementor-widget elementor-widget-heading\" data-id=\"ab510c1\" data-element_type=\"widget\" data-widget_type=\"heading.default\">\n\t\t\t\t\t<h2 class=\"elementor-heading-title elementor-size-default\">Confidencialidad<\/h2>\t\t\t\t<\/div>\n\t\t\t\t<div class=\"elementor-element elementor-element-03ec2b0 elementor-widget elementor-widget-text-editor\" data-id=\"03ec2b0\" data-element_type=\"widget\" data-widget_type=\"text-editor.default\">\n\t\t\t\t\t\t\t\t\t<p>Aseguramos que toda la informaci\u00f3n e ideas de nuestros clientes se mantendr\u00e1n en estricta reserva, durante y despu\u00e9s de cada asesor\u00eda. Llevamos un estricto control de acceso a la informaci\u00f3n, respald\u00e1ndola digitalmente, con los mejores est\u00e1ndares de seguridad.<\/p>\t\t\t\t\t\t\t\t<\/div>\n\t\t\t\t<\/div>\n\t\t\t\t<\/div>\n\t\t\t\t<\/div>\n\t\t\t\t\t<\/div>\n\t\t\t\t<\/div>\n\t\t\t\t<\/div>\n\t\t","protected":false},"excerpt":{"rendered":"<p>Transformamos desaf\u00edos legales y tributarios en oportunidades de \u00e9xito global, con un enfoque integral y dedicaci\u00f3n sin l\u00edmites. Nuestro enfoque global de los procesos, la dedicaci\u00f3n, creatividad y compromiso con la excelencia son el sello de nuestros profesionales. Nuestra consultor\u00eda cubre desde la marcha habitual de sus procesos hasta etapas decisivas y complejas, tales como [&hellip;]<\/p>\n","protected":false},"author":1,"featured_media":0,"parent":0,"menu_order":0,"comment_status":"closed","ping_status":"closed","template":"","meta":{"footnotes":""},"class_list":["post-146","page","type-page","status-publish","hentry"],"_links":{"self":[{"href":"https:\/\/abuid.cl\/es_cl\/wp-json\/wp\/v2\/pages\/146","targetHints":{"allow":["GET"]}}],"collection":[{"href":"https:\/\/abuid.cl\/es_cl\/wp-json\/wp\/v2\/pages"}],"about":[{"href":"https:\/\/abuid.cl\/es_cl\/wp-json\/wp\/v2\/types\/page"}],"author":[{"embeddable":true,"href":"https:\/\/abuid.cl\/es_cl\/wp-json\/wp\/v2\/users\/1"}],"replies":[{"embeddable":true,"href":"https:\/\/abuid.cl\/es_cl\/wp-json\/wp\/v2\/comments?post=146"}],"version-history":[{"count":112,"href":"https:\/\/abuid.cl\/es_cl\/wp-json\/wp\/v2\/pages\/146\/revisions"}],"predecessor-version":[{"id":1596,"href":"https:\/\/abuid.cl\/es_cl\/wp-json\/wp\/v2\/pages\/146\/revisions\/1596"}],"wp:attachment":[{"href":"https:\/\/abuid.cl\/es_cl\/wp-json\/wp\/v2\/media?parent=146"}],"curies":[{"name":"wp","href":"https:\/\/api.w.org\/{rel}","templated":true}]}}