{"id":609,"date":"2024-11-12T06:20:17","date_gmt":"2024-11-12T09:20:17","guid":{"rendered":"https:\/\/abuid.cl\/?page_id=609"},"modified":"2025-11-05T20:46:59","modified_gmt":"2025-11-05T23:46:59","slug":"curriculum-cesar-molina-maldonado","status":"publish","type":"page","link":"https:\/\/abuid.cl\/es_cl\/curriculum-cesar-molina-maldonado\/","title":{"rendered":"Curr\u00edculum C\u00e9sar Molina Maldonado"},"content":{"rendered":"\t\t<div data-elementor-type=\"wp-page\" data-elementor-id=\"609\" class=\"elementor elementor-609\" data-elementor-post-type=\"page\">\n\t\t\t\t<div data-particle_enable=\"false\" data-particle-mobile-disabled=\"false\" class=\"elementor-element elementor-element-1fda5fdc e-flex e-con-boxed e-con e-parent\" data-id=\"1fda5fdc\" data-element_type=\"container\" data-settings=\"{&quot;background_background&quot;:&quot;classic&quot;}\">\n\t\t\t\t\t<div class=\"e-con-inner\">\n\t\t\t\t\t<\/div>\n\t\t\t\t<\/div>\n\t\t<div data-particle_enable=\"false\" data-particle-mobile-disabled=\"false\" class=\"elementor-element elementor-element-55e5ffd e-flex e-con-boxed e-con e-parent\" data-id=\"55e5ffd\" data-element_type=\"container\">\n\t\t\t\t\t<div class=\"e-con-inner\">\n\t\t<div data-particle_enable=\"false\" data-particle-mobile-disabled=\"false\" class=\"elementor-element elementor-element-3ffe215 e-con-full e-flex e-con e-child\" data-id=\"3ffe215\" data-element_type=\"container\" data-settings=\"{&quot;position&quot;:&quot;fixed&quot;}\">\n\t\t\t\t<div class=\"elementor-element elementor-element-4d06d84 elementor-view-default elementor-widget elementor-widget-icon\" data-id=\"4d06d84\" data-element_type=\"widget\" data-widget_type=\"icon.default\">\n\t\t\t\t\t\t\t<div class=\"elementor-icon-wrapper\">\n\t\t\t<a class=\"elementor-icon\" href=\"https:\/\/abuid.cl\/es_cl\/curriculum-eduardo-morel-valdes\/\">\n\t\t\t<svg aria-hidden=\"true\" class=\"e-font-icon-svg e-fas-chevron-left\" viewBox=\"0 0 320 512\" xmlns=\"http:\/\/www.w3.org\/2000\/svg\"><path d=\"M34.52 239.03L228.87 44.69c9.37-9.37 24.57-9.37 33.94 0l22.67 22.67c9.36 9.36 9.37 24.52.04 33.9L131.49 256l154.02 154.75c9.34 9.38 9.32 24.54-.04 33.9l-22.67 22.67c-9.37 9.37-24.57 9.37-33.94 0L34.52 272.97c-9.37-9.37-9.37-24.57 0-33.94z\"><\/path><\/svg>\t\t\t<\/a>\n\t\t<\/div>\n\t\t\t\t\t\t<\/div>\n\t\t\t\t<\/div>\n\t\t<div data-particle_enable=\"false\" data-particle-mobile-disabled=\"false\" class=\"elementor-element elementor-element-43ef1e6 e-con-full e-flex e-con e-child\" data-id=\"43ef1e6\" data-element_type=\"container\" data-settings=\"{&quot;position&quot;:&quot;fixed&quot;}\">\n\t\t\t\t<div class=\"elementor-element elementor-element-a09a5d5 elementor-view-default elementor-widget elementor-widget-icon\" data-id=\"a09a5d5\" data-element_type=\"widget\" data-widget_type=\"icon.default\">\n\t\t\t\t\t\t\t<div class=\"elementor-icon-wrapper\">\n\t\t\t<a class=\"elementor-icon\" href=\"https:\/\/abuid.cl\/es_cl\/curriculum-paul-valdivieso-gonzalez\/\">\n\t\t\t<svg aria-hidden=\"true\" class=\"e-font-icon-svg e-fas-chevron-right\" viewBox=\"0 0 320 512\" xmlns=\"http:\/\/www.w3.org\/2000\/svg\"><path d=\"M285.476 272.971L91.132 467.314c-9.373 9.373-24.569 9.373-33.941 0l-22.667-22.667c-9.357-9.357-9.375-24.522-.04-33.901L188.505 256 34.484 101.255c-9.335-9.379-9.317-24.544.04-33.901l22.667-22.667c9.373-9.373 24.569-9.373 33.941 0L285.475 239.03c9.373 9.372 9.373 24.568.001 33.941z\"><\/path><\/svg>\t\t\t<\/a>\n\t\t<\/div>\n\t\t\t\t\t\t<\/div>\n\t\t\t\t<\/div>\n\t\t\t\t\t<\/div>\n\t\t\t\t<\/div>\n\t\t<div data-particle_enable=\"false\" data-particle-mobile-disabled=\"false\" class=\"elementor-element elementor-element-3232cdb3 e-flex e-con-boxed e-con e-parent\" data-id=\"3232cdb3\" data-element_type=\"container\" data-settings=\"{&quot;background_background&quot;:&quot;classic&quot;}\">\n\t\t\t\t\t<div class=\"e-con-inner\">\n\t\t<div data-particle_enable=\"false\" data-particle-mobile-disabled=\"false\" class=\"elementor-element elementor-element-6b0d39b3 e-con-full e-flex e-con e-child\" data-id=\"6b0d39b3\" data-element_type=\"container\">\n\t\t<div data-particle_enable=\"false\" data-particle-mobile-disabled=\"false\" class=\"elementor-element elementor-element-840b168 e-con-full e-flex e-con e-child\" data-id=\"840b168\" data-element_type=\"container\">\n\t\t<div data-particle_enable=\"false\" data-particle-mobile-disabled=\"false\" class=\"elementor-element elementor-element-aa1f953 e-con-full e-flex e-con e-child\" data-id=\"aa1f953\" data-element_type=\"container\">\n\t\t\t\t<div class=\"elementor-element elementor-element-4a39042 elementor-widget elementor-widget-image\" data-id=\"4a39042\" data-element_type=\"widget\" data-widget_type=\"image.default\">\n\t\t\t\t\t\t\t\t\t\t\t\t\t\t\t<img fetchpriority=\"high\" decoding=\"async\" width=\"683\" height=\"1024\" src=\"https:\/\/abuid.cl\/wp-content\/uploads\/2025\/10\/cesar_molina_v2_bn-683x1024.jpg\" class=\"attachment-large size-large wp-image-1360\" alt=\"\" srcset=\"https:\/\/abuid.cl\/wp-content\/uploads\/2025\/10\/cesar_molina_v2_bn-683x1024.jpg 683w, https:\/\/abuid.cl\/wp-content\/uploads\/2025\/10\/cesar_molina_v2_bn-200x300.jpg 200w, https:\/\/abuid.cl\/wp-content\/uploads\/2025\/10\/cesar_molina_v2_bn-8x12.jpg 8w, https:\/\/abuid.cl\/wp-content\/uploads\/2025\/10\/cesar_molina_v2_bn.jpg 760w\" sizes=\"(max-width: 683px) 100vw, 683px\" \/>\t\t\t\t\t\t\t\t\t\t\t\t\t\t\t<\/div>\n\t\t\t\t<\/div>\n\t\t<div data-particle_enable=\"false\" data-particle-mobile-disabled=\"false\" class=\"elementor-element elementor-element-e013344 e-con-full e-flex e-con e-child\" data-id=\"e013344\" data-element_type=\"container\">\n\t\t\t\t<div class=\"elementor-element elementor-element-59761cc elementor-widget elementor-widget-heading\" data-id=\"59761cc\" data-element_type=\"widget\" data-widget_type=\"heading.default\">\n\t\t\t\t\t<h2 class=\"elementor-heading-title elementor-size-default\">C\u00e9sar<br>Molina Maldonado<\/h2>\t\t\t\t<\/div>\n\t\t\t\t<div class=\"elementor-element elementor-element-12af1a4 elementor-widget elementor-widget-heading\" data-id=\"12af1a4\" data-element_type=\"widget\" data-widget_type=\"heading.default\">\n\t\t\t\t\t<h2 class=\"elementor-heading-title elementor-size-default\">Auditor \u2013 Director Tributario<\/h2>\t\t\t\t<\/div>\n\t\t\t\t<div class=\"elementor-element elementor-element-b8676e8 elementor-hidden-desktop elementor-hidden-tablet elementor-hidden-mobile elementor-widget elementor-widget-text-editor\" data-id=\"b8676e8\" data-element_type=\"widget\" data-widget_type=\"text-editor.default\">\n\t\t\t\t\t\t\t\t\t<p>Abogado desde 2012, socio fundador de Abuid Tax &amp; Legal, se especializa en asesorar a clientes locales e internacionales en estrategias jur\u00eddicas y tributarias en Chile, con amplia experiencia en operaciones internacionales, reorganizaciones empresariales y litigios tributarios. Adem\u00e1s, cuenta con experiencia en sucesiones y traspasos de control de empresas familiares.<\/p>\t\t\t\t\t\t\t\t<\/div>\n\t\t<div data-particle_enable=\"false\" data-particle-mobile-disabled=\"false\" class=\"elementor-element elementor-element-80b8315 e-con-full e-flex e-con e-child\" data-id=\"80b8315\" data-element_type=\"container\" data-settings=\"{&quot;position&quot;:&quot;absolute&quot;}\">\n\t\t\t\t<div class=\"elementor-element elementor-element-e655bb8 elementor-icon-list--layout-traditional elementor-list-item-link-full_width elementor-widget elementor-widget-icon-list\" data-id=\"e655bb8\" data-element_type=\"widget\" data-widget_type=\"icon-list.default\">\n\t\t\t\t\t\t\t<ul class=\"elementor-icon-list-items\">\n\t\t\t\t\t\t\t<li class=\"elementor-icon-list-item\">\n\t\t\t\t\t\t\t\t\t\t\t<a href=\"https:\/\/www.linkedin.com\/in\/cesar-molina-maldonado-b7130743?utm_source=share&#038;utm_campaign=share_via&#038;utm_content=profile&#038;utm_medium=android_app\" target=\"_blank\">\n\n\t\t\t\t\t\t\t\t\t\t\t\t<span class=\"elementor-icon-list-icon\">\n\t\t\t\t\t\t\t<svg aria-hidden=\"true\" class=\"e-font-icon-svg e-fab-linkedin-in\" viewBox=\"0 0 448 512\" xmlns=\"http:\/\/www.w3.org\/2000\/svg\"><path d=\"M100.28 448H7.4V148.9h92.88zM53.79 108.1C24.09 108.1 0 83.5 0 53.8a53.79 53.79 0 0 1 107.58 0c0 29.7-24.1 54.3-53.79 54.3zM447.9 448h-92.68V302.4c0-34.7-.7-79.2-48.29-79.2-48.29 0-55.69 37.7-55.69 76.7V448h-92.78V148.9h89.08v40.8h1.3c12.4-23.5 42.69-48.3 87.88-48.3 94 0 111.28 61.9 111.28 142.3V448z\"><\/path><\/svg>\t\t\t\t\t\t<\/span>\n\t\t\t\t\t\t\t\t\t\t<span class=\"elementor-icon-list-text\">Linkedin<\/span>\n\t\t\t\t\t\t\t\t\t\t\t<\/a>\n\t\t\t\t\t\t\t\t\t<\/li>\n\t\t\t\t\t\t\t\t<li class=\"elementor-icon-list-item\">\n\t\t\t\t\t\t\t\t\t\t\t<a href=\"https:\/\/wa.me\/+56989721863\" target=\"_blank\">\n\n\t\t\t\t\t\t\t\t\t\t\t\t<span class=\"elementor-icon-list-icon\">\n\t\t\t\t\t\t\t<svg aria-hidden=\"true\" class=\"e-font-icon-svg e-fab-whatsapp\" viewBox=\"0 0 448 512\" xmlns=\"http:\/\/www.w3.org\/2000\/svg\"><path d=\"M380.9 97.1C339 55.1 283.2 32 223.9 32c-122.4 0-222 99.6-222 222 0 39.1 10.2 77.3 29.6 111L0 480l117.7-30.9c32.4 17.7 68.9 27 106.1 27h.1c122.3 0 224.1-99.6 224.1-222 0-59.3-25.2-115-67.1-157zm-157 341.6c-33.2 0-65.7-8.9-94-25.7l-6.7-4-69.8 18.3L72 359.2l-4.4-7c-18.5-29.4-28.2-63.3-28.2-98.2 0-101.7 82.8-184.5 184.6-184.5 49.3 0 95.6 19.2 130.4 54.1 34.8 34.9 56.2 81.2 56.1 130.5 0 101.8-84.9 184.6-186.6 184.6zm101.2-138.2c-5.5-2.8-32.8-16.2-37.9-18-5.1-1.9-8.8-2.8-12.5 2.8-3.7 5.6-14.3 18-17.6 21.8-3.2 3.7-6.5 4.2-12 1.4-32.6-16.3-54-29.1-75.5-66-5.7-9.8 5.7-9.1 16.3-30.3 1.8-3.7.9-6.9-.5-9.7-1.4-2.8-12.5-30.1-17.1-41.2-4.5-10.8-9.1-9.3-12.5-9.5-3.2-.2-6.9-.2-10.6-.2-3.7 0-9.7 1.4-14.8 6.9-5.1 5.6-19.4 19-19.4 46.3 0 27.3 19.9 53.7 22.6 57.4 2.8 3.7 39.1 59.7 94.8 83.8 35.2 15.2 49 16.5 66.6 13.9 10.7-1.6 32.8-13.4 37.4-26.4 4.6-13 4.6-24.1 3.2-26.4-1.3-2.5-5-3.9-10.5-6.6z\"><\/path><\/svg>\t\t\t\t\t\t<\/span>\n\t\t\t\t\t\t\t\t\t\t<span class=\"elementor-icon-list-text\">+569 8972 1863<\/span>\n\t\t\t\t\t\t\t\t\t\t\t<\/a>\n\t\t\t\t\t\t\t\t\t<\/li>\n\t\t\t\t\t\t<\/ul>\n\t\t\t\t\t\t<\/div>\n\t\t\t\t<div class=\"elementor-element elementor-element-0fcabcd elementor-icon-list--layout-traditional elementor-list-item-link-full_width elementor-widget elementor-widget-icon-list\" data-id=\"0fcabcd\" data-element_type=\"widget\" data-widget_type=\"icon-list.default\">\n\t\t\t\t\t\t\t<ul class=\"elementor-icon-list-items\">\n\t\t\t\t\t\t\t<li class=\"elementor-icon-list-item\">\n\t\t\t\t\t\t\t\t\t\t\t<a href=\"tel:+56227971209\" target=\"_blank\">\n\n\t\t\t\t\t\t\t\t\t\t\t\t<span class=\"elementor-icon-list-icon\">\n\t\t\t\t\t\t\t<svg aria-hidden=\"true\" class=\"e-font-icon-svg e-fas-phone-alt\" viewBox=\"0 0 512 512\" xmlns=\"http:\/\/www.w3.org\/2000\/svg\"><path d=\"M497.39 361.8l-112-48a24 24 0 0 0-28 6.9l-49.6 60.6A370.66 370.66 0 0 1 130.6 204.11l60.6-49.6a23.94 23.94 0 0 0 6.9-28l-48-112A24.16 24.16 0 0 0 122.6.61l-104 24A24 24 0 0 0 0 48c0 256.5 207.9 464 464 464a24 24 0 0 0 23.4-18.6l24-104a24.29 24.29 0 0 0-14.01-27.6z\"><\/path><\/svg>\t\t\t\t\t\t<\/span>\n\t\t\t\t\t\t\t\t\t\t<span class=\"elementor-icon-list-text\">+562 2797 1209<\/span>\n\t\t\t\t\t\t\t\t\t\t\t<\/a>\n\t\t\t\t\t\t\t\t\t<\/li>\n\t\t\t\t\t\t\t\t<li class=\"elementor-icon-list-item\">\n\t\t\t\t\t\t\t\t\t\t\t<a href=\"mailto:cmolina@abuid.cl\" target=\"_blank\">\n\n\t\t\t\t\t\t\t\t\t\t\t\t<span class=\"elementor-icon-list-icon\">\n\t\t\t\t\t\t\t<svg aria-hidden=\"true\" class=\"e-font-icon-svg e-far-envelope\" viewBox=\"0 0 512 512\" xmlns=\"http:\/\/www.w3.org\/2000\/svg\"><path d=\"M464 64H48C21.49 64 0 85.49 0 112v288c0 26.51 21.49 48 48 48h416c26.51 0 48-21.49 48-48V112c0-26.51-21.49-48-48-48zm0 48v40.805c-22.422 18.259-58.168 46.651-134.587 106.49-16.841 13.247-50.201 45.072-73.413 44.701-23.208.375-56.579-31.459-73.413-44.701C106.18 199.465 70.425 171.067 48 152.805V112h416zM48 400V214.398c22.914 18.251 55.409 43.862 104.938 82.646 21.857 17.205 60.134 55.186 103.062 54.955 42.717.231 80.509-37.199 103.053-54.947 49.528-38.783 82.032-64.401 104.947-82.653V400H48z\"><\/path><\/svg>\t\t\t\t\t\t<\/span>\n\t\t\t\t\t\t\t\t\t\t<span class=\"elementor-icon-list-text\">cmolina@abuid.cl<\/span>\n\t\t\t\t\t\t\t\t\t\t\t<\/a>\n\t\t\t\t\t\t\t\t\t<\/li>\n\t\t\t\t\t\t<\/ul>\n\t\t\t\t\t\t<\/div>\n\t\t\t\t<\/div>\n\t\t\t\t<\/div>\n\t\t<div data-particle_enable=\"false\" data-particle-mobile-disabled=\"false\" class=\"elementor-element elementor-element-ac520b2 e-con-full elementor-hidden-tablet elementor-hidden-mobile e-flex e-con e-child\" data-id=\"ac520b2\" data-element_type=\"container\">\n\t\t\t\t<div class=\"elementor-element elementor-element-297da27 elementor-widget elementor-widget-image\" data-id=\"297da27\" data-element_type=\"widget\" data-widget_type=\"image.default\">\n\t\t\t\t\t\t\t\t\t\t\t\t\t\t\t\t<a href=\"#masinfo\">\n\t\t\t\t\t\t\t<img decoding=\"async\" width=\"59\" height=\"699\" src=\"https:\/\/abuid.cl\/wp-content\/uploads\/2024\/11\/mas_info.png\" class=\"attachment-large size-large wp-image-248\" alt=\"\" \/>\t\t\t\t\t\t\t\t<\/a>\n\t\t\t\t\t\t\t\t\t\t\t\t\t\t\t<\/div>\n\t\t\t\t<\/div>\n\t\t\t\t<\/div>\n\t\t<div data-particle_enable=\"false\" data-particle-mobile-disabled=\"false\" class=\"elementor-element elementor-element-db370b2 e-con-full e-flex e-con e-child\" data-id=\"db370b2\" data-element_type=\"container\" id=\"masinfo\">\n\t\t\t\t<div class=\"elementor-element elementor-element-1088b51 elementor-widget elementor-widget-heading\" data-id=\"1088b51\" data-element_type=\"widget\" data-widget_type=\"heading.default\">\n\t\t\t\t\t<h2 class=\"elementor-heading-title elementor-size-default\">\u00c1reas de pr\u00e1ctica<\/h2>\t\t\t\t<\/div>\n\t\t\t\t<div class=\"elementor-element elementor-element-6286e7d elementor-widget elementor-widget-heading\" data-id=\"6286e7d\" data-element_type=\"widget\" data-widget_type=\"heading.default\">\n\t\t\t\t\t<h2 class=\"elementor-heading-title elementor-size-default\">Cumplimiento Tributario \u2013 Auditor\u00eda Tributaria - Planificaci\u00f3n Tributaria.<\/h2>\t\t\t\t<\/div>\n\t\t\t\t<div class=\"elementor-element elementor-element-eb3fad1 elementor-widget elementor-widget-text-editor\" data-id=\"eb3fad1\" data-element_type=\"widget\" data-widget_type=\"text-editor.default\">\n\t\t\t\t\t\t\t\t\t<p>C\u00e9sar Molina es contador auditor con Mag\u00edster en Direcci\u00f3n y Planificaci\u00f3n Tributaria, impartido por la Universidad de Talca. Cuenta con m\u00e1s de 14 a\u00f1os de trayectoria profesional en cargos ejecutivos de impuestos en reconocidas empresas consultoras y bancos chilenos.<\/p><p>El Sr. Molina tiene amplia experiencia en la prestaci\u00f3n de servicios tributarios y auditor\u00edas del rubro, participa activamente en la implementaci\u00f3n de estrategias tributarias, reorganizaciones empresariales, compraventas de empresas y la representaci\u00f3n de contribuyentes ante el Servicio de Impuestos Internos, Tesorer\u00eda General de la Rep\u00fablica y Municipalidades.<\/p>\t\t\t\t\t\t\t\t<\/div>\n\t\t\t\t<\/div>\n\t\t<div data-particle_enable=\"false\" data-particle-mobile-disabled=\"false\" class=\"elementor-element elementor-element-1689d35 e-con-full e-flex e-con e-child\" data-id=\"1689d35\" data-element_type=\"container\">\n\t\t\t\t<div class=\"elementor-element elementor-element-c6c10e6 elementor-widget elementor-widget-heading\" data-id=\"c6c10e6\" data-element_type=\"widget\" data-widget_type=\"heading.default\">\n\t\t\t\t\t<h2 class=\"elementor-heading-title elementor-size-default\">Educaci\u00f3n<\/h2>\t\t\t\t<\/div>\n\t\t\t\t<div class=\"elementor-element elementor-element-6d113d7 elementor-widget elementor-widget-text-editor\" data-id=\"6d113d7\" data-element_type=\"widget\" data-widget_type=\"text-editor.default\">\n\t\t\t\t\t\t\t\t\t<ul><li>(2021) Diploma de Especializaci\u00f3n en Reforma Tributaria, Instituto de Estudios Tributarios y Financieros.<\/li><li>(2015) Mag\u00edster en Direcci\u00f3n y Planificaci\u00f3n Tributaria, Universidad de Talca.<\/li><li>(2013) Diplomado en Planificaci\u00f3n Tributaria, Universidad de Chile.<\/li><li>(2010) Contador P\u00fablico Auditor, Licenciado en Sistemas de Informaci\u00f3n Financiera y Control de Gesti\u00f3n, Universidad de Valpara\u00edso. Primer lugar de su promoci\u00f3n.<\/li><\/ul>\t\t\t\t\t\t\t\t<\/div>\n\t\t\t\t<\/div>\n\t\t<div data-particle_enable=\"false\" data-particle-mobile-disabled=\"false\" class=\"elementor-element elementor-element-82673cc e-con-full e-flex e-con e-child\" data-id=\"82673cc\" data-element_type=\"container\">\n\t\t\t\t<div class=\"elementor-element elementor-element-dcfb7ee elementor-widget elementor-widget-heading\" data-id=\"dcfb7ee\" data-element_type=\"widget\" data-widget_type=\"heading.default\">\n\t\t\t\t\t<h2 class=\"elementor-heading-title elementor-size-default\">Experiencia Laboral<\/h2>\t\t\t\t<\/div>\n\t\t\t\t<div class=\"elementor-element elementor-element-713bfc5 elementor-widget elementor-widget-text-editor\" data-id=\"713bfc5\" data-element_type=\"widget\" data-widget_type=\"text-editor.default\">\n\t\t\t\t\t\t\t\t\t<ul><li>(2022 \u2013 actualidad) Director Tributario en Abuid Tax &amp; Legal.<\/li><li>(2017 \u2013 2022) Gerente de Cumplimiento Tributario en Scotiabank Chile.<\/li><li>(2015 \u2013 2017) Auditor Tributario Senior de Tax Global Consultores.<\/li><li>(2014 \u2013 2015) Auditor Tributario Senior de KPMG Chile.<\/li><li>(2011 \u2013 2014) Auditor Tributario Senior de SCK Abogados y Consultores Tributarios.<\/li><li>(2009 \u2013 2011) Auditor Tributario de Z\u00e1rate y Asociados Ltda.<\/li><\/ul>\t\t\t\t\t\t\t\t<\/div>\n\t\t\t\t<\/div>\n\t\t<div data-particle_enable=\"false\" data-particle-mobile-disabled=\"false\" class=\"elementor-element elementor-element-65c39f8 e-con-full e-flex e-con e-child\" data-id=\"65c39f8\" data-element_type=\"container\">\n\t\t\t\t<div class=\"elementor-element elementor-element-ca147c9 elementor-widget elementor-widget-heading\" data-id=\"ca147c9\" data-element_type=\"widget\" data-widget_type=\"heading.default\">\n\t\t\t\t\t<h2 class=\"elementor-heading-title elementor-size-default\">Membres\u00edas<\/h2>\t\t\t\t<\/div>\n\t\t\t\t<div class=\"elementor-element elementor-element-ea15428 elementor-widget elementor-widget-text-editor\" data-id=\"ea15428\" data-element_type=\"widget\" data-widget_type=\"text-editor.default\">\n\t\t\t\t\t\t\t\t\t<ul><li>Registrado como Inspector de Cuentas y Auditor Externo en la Comisi\u00f3n para el Mercado Financiero (CMF).<\/li><li>Registrado en la N\u00f3mina de Peritos Judiciales de la Ilustr\u00edsima Corte de Apelaciones de Santiago, para Auditor\u00edas Tributarias. Periodo\u00a02026\u00a0&#8211;\u00a02027.<\/li><\/ul>\t\t\t\t\t\t\t\t<\/div>\n\t\t\t\t<\/div>\n\t\t\t\t<\/div>\n\t\t\t\t\t<\/div>\n\t\t\t\t<\/div>\n\t\t\t\t<\/div>\n\t\t","protected":false},"excerpt":{"rendered":"<p>C\u00e9sarMolina Maldonado Auditor \u2013 Director Tributario Abogado desde 2012, socio fundador de Abuid Tax &amp; Legal, se especializa en asesorar a clientes locales e internacionales en estrategias jur\u00eddicas y tributarias en Chile, con amplia experiencia en operaciones internacionales, reorganizaciones empresariales y litigios tributarios. Adem\u00e1s, cuenta con experiencia en sucesiones y traspasos de control de empresas [&hellip;]<\/p>\n","protected":false},"author":1,"featured_media":0,"parent":0,"menu_order":0,"comment_status":"closed","ping_status":"closed","template":"","meta":{"footnotes":""},"class_list":["post-609","page","type-page","status-publish","hentry"],"_links":{"self":[{"href":"https:\/\/abuid.cl\/es_cl\/wp-json\/wp\/v2\/pages\/609","targetHints":{"allow":["GET"]}}],"collection":[{"href":"https:\/\/abuid.cl\/es_cl\/wp-json\/wp\/v2\/pages"}],"about":[{"href":"https:\/\/abuid.cl\/es_cl\/wp-json\/wp\/v2\/types\/page"}],"author":[{"embeddable":true,"href":"https:\/\/abuid.cl\/es_cl\/wp-json\/wp\/v2\/users\/1"}],"replies":[{"embeddable":true,"href":"https:\/\/abuid.cl\/es_cl\/wp-json\/wp\/v2\/comments?post=609"}],"version-history":[{"count":40,"href":"https:\/\/abuid.cl\/es_cl\/wp-json\/wp\/v2\/pages\/609\/revisions"}],"predecessor-version":[{"id":1574,"href":"https:\/\/abuid.cl\/es_cl\/wp-json\/wp\/v2\/pages\/609\/revisions\/1574"}],"wp:attachment":[{"href":"https:\/\/abuid.cl\/es_cl\/wp-json\/wp\/v2\/media?parent=609"}],"curies":[{"name":"wp","href":"https:\/\/api.w.org\/{rel}","templated":true}]}}