{"id":690,"date":"2024-11-15T12:44:31","date_gmt":"2024-11-15T15:44:31","guid":{"rendered":"https:\/\/abuid.cl\/?page_id=690"},"modified":"2024-11-18T18:49:05","modified_gmt":"2024-11-18T21:49:05","slug":"valores","status":"publish","type":"page","link":"https:\/\/abuid.cl\/es_cl\/valores\/","title":{"rendered":"Valores"},"content":{"rendered":"\t\t<div data-elementor-type=\"wp-page\" data-elementor-id=\"690\" class=\"elementor elementor-690\" data-elementor-post-type=\"page\">\n\t\t\t\t<div data-particle_enable=\"false\" data-particle-mobile-disabled=\"false\" class=\"elementor-element elementor-element-8853894 e-flex e-con-boxed e-con e-child\" data-id=\"8853894\" data-element_type=\"container\" data-settings=\"{&quot;background_background&quot;:&quot;classic&quot;}\">\n\t\t\t\t\t<div class=\"e-con-inner\">\n\t\t\t\t\t<\/div>\n\t\t\t\t<\/div>\n\t\t<div data-particle_enable=\"false\" data-particle-mobile-disabled=\"false\" class=\"elementor-element elementor-element-3232cdb3 e-flex e-con-boxed e-con e-parent\" data-id=\"3232cdb3\" data-element_type=\"container\" data-settings=\"{&quot;background_background&quot;:&quot;classic&quot;}\">\n\t\t\t\t\t<div class=\"e-con-inner\">\n\t\t<div data-particle_enable=\"false\" data-particle-mobile-disabled=\"false\" class=\"elementor-element elementor-element-6b0d39b3 e-con-full e-flex e-con e-child\" data-id=\"6b0d39b3\" data-element_type=\"container\">\n\t\t\t\t<div class=\"elementor-element elementor-element-99cc269 elementor-widget elementor-widget-heading\" data-id=\"99cc269\" data-element_type=\"widget\" id=\"valores\" data-widget_type=\"heading.default\">\n\t\t\t\t\t<h2 class=\"elementor-heading-title elementor-size-default\">Nuestros Valores<\/h2>\t\t\t\t<\/div>\n\t\t<div data-particle_enable=\"false\" data-particle-mobile-disabled=\"false\" class=\"elementor-element elementor-element-1c43eef e-con-full e-flex e-con e-child\" data-id=\"1c43eef\" data-element_type=\"container\">\n\t\t<div data-particle_enable=\"false\" data-particle-mobile-disabled=\"false\" class=\"elementor-element elementor-element-17abd8c e-con-full e-flex e-con e-child\" data-id=\"17abd8c\" data-element_type=\"container\" data-settings=\"{&quot;background_background&quot;:&quot;classic&quot;}\">\n\t\t\t\t<div class=\"elementor-element elementor-element-ab5ce54 elementor-widget elementor-widget-image\" data-id=\"ab5ce54\" data-element_type=\"widget\" data-widget_type=\"image.default\">\n\t\t\t\t\t\t\t\t\t\t\t\t\t\t\t<img decoding=\"async\" width=\"180\" height=\"180\" src=\"https:\/\/abuid.cl\/wp-content\/uploads\/2024\/11\/icon_excelencia_b.png\" class=\"attachment-large size-large wp-image-130\" alt=\"\" srcset=\"https:\/\/abuid.cl\/wp-content\/uploads\/2024\/11\/icon_excelencia_b.png 180w, https:\/\/abuid.cl\/wp-content\/uploads\/2024\/11\/icon_excelencia_b-150x150.png 150w\" sizes=\"(max-width: 180px) 100vw, 180px\" \/>\t\t\t\t\t\t\t\t\t\t\t\t\t\t\t<\/div>\n\t\t\t\t<div class=\"elementor-element elementor-element-dd0e36c elementor-widget elementor-widget-heading\" data-id=\"dd0e36c\" data-element_type=\"widget\" data-widget_type=\"heading.default\">\n\t\t\t\t\t<h2 class=\"elementor-heading-title elementor-size-default\">Excelencia<\/h2>\t\t\t\t<\/div>\n\t\t\t\t<div class=\"elementor-element elementor-element-3ea98d1 elementor-widget elementor-widget-text-editor\" data-id=\"3ea98d1\" data-element_type=\"widget\" data-widget_type=\"text-editor.default\">\n\t\t\t\t\t\t\t\t\t<p>Estudiamos cada situaci\u00f3n en profundidad, hasta encontrar la soluci\u00f3n \u00f3ptima. Ser\u00e1 \u00f3ptima cuando resuelva el caso en forma plena y oportuna, respete la ley y se logre \u00e9ticamente. Para ello, contamos con profesionales comprometidos, que estudian cada detalle y ejecutan con precisi\u00f3n las estrategias definidas.<\/p>\t\t\t\t\t\t\t\t<\/div>\n\t\t\t\t<\/div>\n\t\t<div data-particle_enable=\"false\" data-particle-mobile-disabled=\"false\" class=\"elementor-element elementor-element-0ba5caf e-con-full e-flex e-con e-child\" data-id=\"0ba5caf\" data-element_type=\"container\" data-settings=\"{&quot;background_background&quot;:&quot;classic&quot;}\">\n\t\t\t\t<div class=\"elementor-element elementor-element-92fb828 elementor-widget elementor-widget-image\" data-id=\"92fb828\" data-element_type=\"widget\" data-widget_type=\"image.default\">\n\t\t\t\t\t\t\t\t\t\t\t\t\t\t\t<img decoding=\"async\" width=\"180\" height=\"180\" src=\"https:\/\/abuid.cl\/wp-content\/uploads\/2024\/11\/icon_creatividad_b.png\" class=\"attachment-large size-large wp-image-129\" alt=\"\" srcset=\"https:\/\/abuid.cl\/wp-content\/uploads\/2024\/11\/icon_creatividad_b.png 180w, https:\/\/abuid.cl\/wp-content\/uploads\/2024\/11\/icon_creatividad_b-150x150.png 150w\" sizes=\"(max-width: 180px) 100vw, 180px\" \/>\t\t\t\t\t\t\t\t\t\t\t\t\t\t\t<\/div>\n\t\t\t\t<div class=\"elementor-element elementor-element-139d7d1 elementor-widget elementor-widget-heading\" data-id=\"139d7d1\" data-element_type=\"widget\" data-widget_type=\"heading.default\">\n\t\t\t\t\t<h2 class=\"elementor-heading-title elementor-size-default\">Creatividad<\/h2>\t\t\t\t<\/div>\n\t\t\t\t<div class=\"elementor-element elementor-element-13b8393 elementor-widget elementor-widget-text-editor\" data-id=\"13b8393\" data-element_type=\"widget\" data-widget_type=\"text-editor.default\">\n\t\t\t\t\t\t\t\t\t<p>Nuestros clientes requieren soluciones \u00fanicas. Cada estrategia la desarrollamos considerando el caso en todas sus dimensiones, el perfil de riesgo del cliente y su cultura empresarial. Innovamos buscando la excelencia.<\/p>\t\t\t\t\t\t\t\t<\/div>\n\t\t\t\t<\/div>\n\t\t<div data-particle_enable=\"false\" data-particle-mobile-disabled=\"false\" class=\"elementor-element elementor-element-b172605 e-con-full e-flex e-con e-child\" data-id=\"b172605\" data-element_type=\"container\" data-settings=\"{&quot;background_background&quot;:&quot;classic&quot;}\">\n\t\t\t\t<div class=\"elementor-element elementor-element-bc6ab94 elementor-widget elementor-widget-image\" data-id=\"bc6ab94\" data-element_type=\"widget\" data-widget_type=\"image.default\">\n\t\t\t\t\t\t\t\t\t\t\t\t\t\t\t<img decoding=\"async\" width=\"180\" height=\"180\" src=\"https:\/\/abuid.cl\/wp-content\/uploads\/2024\/11\/icon_compromiso_b.png\" class=\"attachment-large size-large wp-image-127\" alt=\"\" srcset=\"https:\/\/abuid.cl\/wp-content\/uploads\/2024\/11\/icon_compromiso_b.png 180w, https:\/\/abuid.cl\/wp-content\/uploads\/2024\/11\/icon_compromiso_b-150x150.png 150w\" sizes=\"(max-width: 180px) 100vw, 180px\" \/>\t\t\t\t\t\t\t\t\t\t\t\t\t\t\t<\/div>\n\t\t\t\t<div class=\"elementor-element elementor-element-79cfbce elementor-widget elementor-widget-heading\" data-id=\"79cfbce\" data-element_type=\"widget\" data-widget_type=\"heading.default\">\n\t\t\t\t\t<h2 class=\"elementor-heading-title elementor-size-default\">Compromiso<\/h2>\t\t\t\t<\/div>\n\t\t\t\t<div class=\"elementor-element elementor-element-62678cb elementor-widget elementor-widget-text-editor\" data-id=\"62678cb\" data-element_type=\"widget\" data-widget_type=\"text-editor.default\">\n\t\t\t\t\t\t\t\t\tNos esforzamos al m\u00e1ximo en cada proyecto, acompa\u00f1amos al cliente en todas las etapas, respetando e incentivando el cumplimiento de la ley, siendo claros y asegur\u00e1ndonos de que tomen decisiones informadas.\t\t\t\t\t\t\t\t<\/div>\n\t\t\t\t<\/div>\n\t\t<div data-particle_enable=\"false\" data-particle-mobile-disabled=\"false\" class=\"elementor-element elementor-element-93c6b62 e-con-full e-flex e-con e-child\" data-id=\"93c6b62\" data-element_type=\"container\" data-settings=\"{&quot;background_background&quot;:&quot;classic&quot;}\">\n\t\t\t\t<div class=\"elementor-element elementor-element-31f9e36 elementor-widget elementor-widget-image\" data-id=\"31f9e36\" data-element_type=\"widget\" data-widget_type=\"image.default\">\n\t\t\t\t\t\t\t\t\t\t\t\t\t\t\t<img loading=\"lazy\" decoding=\"async\" width=\"180\" height=\"180\" src=\"https:\/\/abuid.cl\/wp-content\/uploads\/2024\/11\/icon_confidencial_b.png\" class=\"attachment-large size-large wp-image-128\" alt=\"\" srcset=\"https:\/\/abuid.cl\/wp-content\/uploads\/2024\/11\/icon_confidencial_b.png 180w, https:\/\/abuid.cl\/wp-content\/uploads\/2024\/11\/icon_confidencial_b-150x150.png 150w\" sizes=\"(max-width: 180px) 100vw, 180px\" \/>\t\t\t\t\t\t\t\t\t\t\t\t\t\t\t<\/div>\n\t\t\t\t<div class=\"elementor-element elementor-element-ab510c1 elementor-widget elementor-widget-heading\" data-id=\"ab510c1\" data-element_type=\"widget\" data-widget_type=\"heading.default\">\n\t\t\t\t\t<h2 class=\"elementor-heading-title elementor-size-default\">Confidencialidad<\/h2>\t\t\t\t<\/div>\n\t\t\t\t<div class=\"elementor-element elementor-element-03ec2b0 elementor-widget elementor-widget-text-editor\" data-id=\"03ec2b0\" data-element_type=\"widget\" data-widget_type=\"text-editor.default\">\n\t\t\t\t\t\t\t\t\t<p>Aseguramos que toda la informaci\u00f3n e ideas de nuestros clientes se mantendr\u00e1n en estricta reserva, durante y despu\u00e9s de cada asesor\u00eda. Llevamos un estricto control de acceso a la informaci\u00f3n, respald\u00e1ndola digitalmente, con los mejores est\u00e1ndares de seguridad.<\/p>\t\t\t\t\t\t\t\t<\/div>\n\t\t\t\t<\/div>\n\t\t\t\t<\/div>\n\t\t\t\t<\/div>\n\t\t\t\t\t<\/div>\n\t\t\t\t<\/div>\n\t\t\t\t<\/div>\n\t\t","protected":false},"excerpt":{"rendered":"<p>Nuestros Valores Excelencia Estudiamos cada situaci\u00f3n en profundidad, hasta encontrar la soluci\u00f3n \u00f3ptima. Ser\u00e1 \u00f3ptima cuando resuelva el caso en forma plena y oportuna, respete la ley y se logre \u00e9ticamente. Para ello, contamos con profesionales comprometidos, que estudian cada detalle y ejecutan con precisi\u00f3n las estrategias definidas. Creatividad Nuestros clientes requieren soluciones \u00fanicas. Cada [&hellip;]<\/p>\n","protected":false},"author":1,"featured_media":0,"parent":0,"menu_order":0,"comment_status":"closed","ping_status":"closed","template":"","meta":{"footnotes":""},"class_list":["post-690","page","type-page","status-publish","hentry"],"_links":{"self":[{"href":"https:\/\/abuid.cl\/es_cl\/wp-json\/wp\/v2\/pages\/690","targetHints":{"allow":["GET"]}}],"collection":[{"href":"https:\/\/abuid.cl\/es_cl\/wp-json\/wp\/v2\/pages"}],"about":[{"href":"https:\/\/abuid.cl\/es_cl\/wp-json\/wp\/v2\/types\/page"}],"author":[{"embeddable":true,"href":"https:\/\/abuid.cl\/es_cl\/wp-json\/wp\/v2\/users\/1"}],"replies":[{"embeddable":true,"href":"https:\/\/abuid.cl\/es_cl\/wp-json\/wp\/v2\/comments?post=690"}],"version-history":[{"count":58,"href":"https:\/\/abuid.cl\/es_cl\/wp-json\/wp\/v2\/pages\/690\/revisions"}],"predecessor-version":[{"id":1150,"href":"https:\/\/abuid.cl\/es_cl\/wp-json\/wp\/v2\/pages\/690\/revisions\/1150"}],"wp:attachment":[{"href":"https:\/\/abuid.cl\/es_cl\/wp-json\/wp\/v2\/media?parent=690"}],"curies":[{"name":"wp","href":"https:\/\/api.w.org\/{rel}","templated":true}]}}